{"id":174,"date":"2024-10-28T15:18:49","date_gmt":"2024-10-28T15:18:49","guid":{"rendered":"http:\/\/emissara.ee\/about-us\/"},"modified":"2024-12-23T13:24:43","modified_gmt":"2024-12-23T13:24:43","slug":"about-us","status":"publish","type":"page","link":"https:\/\/emissara.ee\/et\/about-us\/","title":{"rendered":"Meie kohta"},"content":{"rendered":"\n<style type=\"text\/css\" data-created_by=\"avia_inline_auto\" id=\"style-css-av-38fg0-4ac1de82b49c0c0f60f455dc5782f661\">\n#top .av-special-heading.av-38fg0-4ac1de82b49c0c0f60f455dc5782f661{\npadding-bottom:10px;\n}\nbody .av-special-heading.av-38fg0-4ac1de82b49c0c0f60f455dc5782f661 .av-special-heading-tag .heading-char{\nfont-size:25px;\n}\n.av-special-heading.av-38fg0-4ac1de82b49c0c0f60f455dc5782f661 .av-subheading{\nfont-size:15px;\n}\n<\/style>\n<div  class='av-special-heading av-38fg0-4ac1de82b49c0c0f60f455dc5782f661 av-special-heading-h3 meta-heading  avia-builder-el-0  el_before_av_one_half  avia-builder-el-first '><h3 class='av-special-heading-tag '  itemprop=\"headline\"  >Meie kohta<\/h3><div class=\"special-heading-border\"><div class=\"special-heading-inner-border\"><\/div><\/div><\/div>\n\n<style type=\"text\/css\" data-created_by=\"avia_inline_auto\" id=\"style-css-av-rb4u0-51bbc2f58cb2d232f58b52b5280c384b\">\n.flex_column.av-rb4u0-51bbc2f58cb2d232f58b52b5280c384b{\nborder-radius:0px 0px 0px 0px;\npadding:0px 0px 0px 0px;\n}\n<\/style>\n<div  class='flex_column av-rb4u0-51bbc2f58cb2d232f58b52b5280c384b av_one_half  avia-builder-el-1  el_after_av_heading  el_before_av_one_half  first flex_column_div av-zero-column-padding  '     ><section  class='av_textblock_section av-m2qc1g0g-ab7f6ce86f90be29e3e6757379401fde '   itemscope=\"itemscope\" itemtype=\"https:\/\/schema.org\/CreativeWork\" ><div class='avia_textblock'  itemprop=\"text\" ><p>EMISSARA OU &#8211; meie ettev\u00f5te asutati 2023. aastal. See on kaasaegne, uuenduslik ja laienev ettev\u00f5te, mis on valmis vastama t\u00e4nap\u00e4eva kiiresti muutuva maailmaturu logistilistele v\u00e4ljakutsetele. Meie peakontor asub Eesti pealinnas Tallinnas ning meie t\u00f6\u00f6tajad ja partnerid on v\u00e4ga kogenud ja v\u00f5imekad. Meie professionaalne partnerite meeskond pakub parimaid logistilisi lahendusi ja on alati valmis vastama meie klientide vajadustele.<\/p>\n<p>Ettev\u00f5tte p\u00f5hitegevuseks on hulgikaubandus Euroopa \u00dchenduses, Aasias, L\u00e4his-Idas ja partneritega \u00fcle kogu maailma.<\/p>\n<p>Meie peamine eesm\u00e4rk on kvaliteetne teenindus ja t\u00f5husus. Meie strateegia on leida olemasolevatele ja uutele klientidele k\u00f5ige soodsamad lahendused koos kiire tarneajaga, et rahuldada k\u00f5ik vajadused. Meie kohustus on s\u00e4ilitada k\u00f5rgeimad v\u00f5imalikud teenindusstandardid k\u00f5igis meie \u00e4ritegevuse aspektides. Meie t\u00f5estatud edu tagab, et me j\u00e4tkame heade pikaajaliste suhete loomist ja s\u00e4ilitamist oma klientidega.<\/p>\n<p>V\u00f5ite loota meie professionaalsele meeskonnale, et teie saadetis toimetatakse kohale \u00f5igel ajal, iga kord. Usume siiralt, et teil on tagatud parim ettev\u00f5te, ootame teie abistamist.<\/p>\n<p><strong>Meie konkurentsieelised:<\/strong><\/p>\n<ol>\n<li>Me lahendame k\u00f5ige keerulisemad ja mittestandardsed logistilised probleemid v\u00e4lismajanduse valdkonnas<\/li>\n<li>Pakume k\u00e4ibekapitali, nii oma kui ka avatud krediidiliinide, muude meelitatud finantsinstrumentide kujul<\/li>\n<li>K\u00f5rge mugavuse tase kogu maailmas. Saame teostada arveldusi ja finantstehinguid erinevates valuutades.<\/li>\n<li>Ladustamisv\u00f5imalused Euroopa Liidus v\u00f5i partneri infrastruktuur mis tahes riigis.<\/li>\n<\/ol>\n<p>Me r\u00e4\u00e4gime eesti, armeenia, vene, inglise, leedu ja norra keelt.<\/p>\n<p>Ootame edasist koost\u00f6\u00f6d teiega!<\/p>\n<\/div><\/section><\/div>\n\n<style type=\"text\/css\" data-created_by=\"avia_inline_auto\" id=\"style-css-av-mqyc8-6b34e95c938feb817d5e7ac68d9dd850\">\n.flex_column.av-mqyc8-6b34e95c938feb817d5e7ac68d9dd850{\nborder-radius:0px 0px 0px 0px;\npadding:0px 0px 0px 0px;\n}\n<\/style>\n<div  class='flex_column av-mqyc8-6b34e95c938feb817d5e7ac68d9dd850 av_one_half  avia-builder-el-3  el_after_av_one_half  el_before_av_hr  flex_column_div av-zero-column-padding  '     ><style type=\"text\/css\" data-created_by=\"avia_inline_auto\" id=\"style-css-av-fn0ls-2664396e053331c49df2f3fef72be39f\">\n.avia-image-container.av-fn0ls-2664396e053331c49df2f3fef72be39f img.avia_image{\nbox-shadow:none;\n}\n.avia-image-container.av-fn0ls-2664396e053331c49df2f3fef72be39f .av-image-caption-overlay-center{\ncolor:#ffffff;\n}\n<\/style>\n<div  class='avia-image-container av-fn0ls-2664396e053331c49df2f3fef72be39f av-styling- avia_animated_image av-animated-when-visible-95 fade-in avia-align-center  avia-builder-el-4  avia-builder-el-no-sibling '   itemprop=\"image\" itemscope=\"itemscope\" itemtype=\"https:\/\/schema.org\/ImageObject\" ><div class=\"avia-image-container-inner\"><div class=\"avia-image-overlay-wrap\"><img decoding=\"async\" fetchpriority=\"high\" class='wp-image-115 avia-img-lazy-loading-not-115 avia_image ' src=\"https:\/\/emissara.ee\/wp-content\/uploads\/2024\/10\/packs-1.jpg\" alt='' title='Cardboard boxes on pallet'  height=\"331\" width=\"362\"  itemprop=\"thumbnailUrl\" srcset=\"https:\/\/emissara.ee\/wp-content\/uploads\/2024\/10\/packs-1.jpg 362w, https:\/\/emissara.ee\/wp-content\/uploads\/2024\/10\/packs-1-300x274.jpg 300w\" sizes=\"(max-width: 362px) 100vw, 362px\" \/><\/div><\/div><\/div><\/div>\n<div  class='hr av-7ypug-b8816820d46e9e51cebe6dbac5fdff3d hr-default  avia-builder-el-5  el_after_av_one_half  avia-builder-el-last '><span class='hr-inner '><span class=\"hr-inner-style\"><\/span><\/span><\/div>\n","protected":false},"excerpt":{"rendered":"","protected":false},"author":1,"featured_media":0,"parent":0,"menu_order":0,"comment_status":"closed","ping_status":"closed","template":"","meta":{"footnotes":""},"class_list":["post-174","page","type-page","status-publish","hentry"],"_links":{"self":[{"href":"https:\/\/emissara.ee\/et\/wp-json\/wp\/v2\/pages\/174","targetHints":{"allow":["GET"]}}],"collection":[{"href":"https:\/\/emissara.ee\/et\/wp-json\/wp\/v2\/pages"}],"about":[{"href":"https:\/\/emissara.ee\/et\/wp-json\/wp\/v2\/types\/page"}],"author":[{"embeddable":true,"href":"https:\/\/emissara.ee\/et\/wp-json\/wp\/v2\/users\/1"}],"replies":[{"embeddable":true,"href":"https:\/\/emissara.ee\/et\/wp-json\/wp\/v2\/comments?post=174"}],"version-history":[{"count":2,"href":"https:\/\/emissara.ee\/et\/wp-json\/wp\/v2\/pages\/174\/revisions"}],"predecessor-version":[{"id":192,"href":"https:\/\/emissara.ee\/et\/wp-json\/wp\/v2\/pages\/174\/revisions\/192"}],"wp:attachment":[{"href":"https:\/\/emissara.ee\/et\/wp-json\/wp\/v2\/media?parent=174"}],"curies":[{"name":"wp","href":"https:\/\/api.w.org\/{rel}","templated":true}]}}