{"id":194,"date":"2024-10-28T15:08:37","date_gmt":"2024-10-28T15:08:37","guid":{"rendered":"http:\/\/emissara.ee\/home\/"},"modified":"2024-10-28T15:08:37","modified_gmt":"2024-10-28T15:08:37","slug":"home","status":"publish","type":"page","link":"https:\/\/emissara.ee\/et\/","title":{"rendered":"Home"},"content":{"rendered":"<div id='full_slider_1'  class='avia-fullwidth-slider main_color avia-shadow   avia-builder-el-0  el_before_av_one_full  avia-builder-el-first   container_wrap fullsize'  ><div  class='avia-slideshow av-1qfru6-88c8888c1f6e64db44bf6139ec678a5d avia-slideshow-featured av_slideshow_full avia-fade-slider av-slideshow-ui av-control-minimal av-slideshow-manual av-loop-once av-loop-manual-endless av-default-height-applied   avia-slideshow-1' data-slideshow-options=\"{&quot;animation&quot;:&quot;fade&quot;,&quot;autoplay&quot;:false,&quot;loop_autoplay&quot;:&quot;once&quot;,&quot;interval&quot;:4,&quot;loop_manual&quot;:&quot;manual-endless&quot;,&quot;autoplay_stopper&quot;:false,&quot;noNavigation&quot;:false,&quot;bg_slider&quot;:false,&quot;keep_padding&quot;:false,&quot;hoverpause&quot;:false,&quot;show_slide_delay&quot;:0}\"  itemprop=\"image\" itemscope=\"itemscope\" itemtype=\"https:\/\/schema.org\/ImageObject\" ><ul class='avia-slideshow-inner ' style='padding-bottom: 28.666666666667%;'><li  class='avia-slideshow-slide av-1qfru6-88c8888c1f6e64db44bf6139ec678a5d__0  av-single-slide slide-1 slide-odd'><div data-rel='slideshow-1' class='avia-slide-wrap '   ><img decoding=\"async\" fetchpriority=\"high\" class=\"wp-image-121 avia-img-lazy-loading-not-121\"  src=\"https:\/\/emissara.ee\/wp-content\/uploads\/2024\/10\/logistics-home-1500x430.jpg\" width=\"1500\" height=\"430\" title='logistics-home' alt=''  itemprop=\"thumbnailUrl\"   \/><\/div><\/li><\/ul><\/div><\/div><div id='after_full_slider_1'  class='main_color av_default_container_wrap container_wrap fullsize'  ><div class='container av-section-cont-open' ><div class='template-page content  av-content-full alpha units'><div class='post-entry post-entry-type-page post-entry-194'><div class='entry-content-wrapper clearfix'>\n<div  class='flex_column av-14j6y6-f2e258f71703ea69072cd885e17ee232 av_one_full  avia-builder-el-1  el_after_av_slideshow_full  el_before_av_one_fifth  avia-builder-el-first  first flex_column_div  '     ><p>\n<style type=\"text\/css\" data-created_by=\"avia_inline_auto\" id=\"style-css-av-m2qd1vg2-dd766020ad7377fc9d692e46147efb0d\">\n#top .av-special-heading.av-m2qd1vg2-dd766020ad7377fc9d692e46147efb0d{\npadding-bottom:10px;\n}\nbody .av-special-heading.av-m2qd1vg2-dd766020ad7377fc9d692e46147efb0d .av-special-heading-tag .heading-char{\nfont-size:25px;\n}\n.av-special-heading.av-m2qd1vg2-dd766020ad7377fc9d692e46147efb0d .av-subheading{\nfont-size:15px;\n}\n<\/style>\n<div  class='av-special-heading av-m2qd1vg2-dd766020ad7377fc9d692e46147efb0d av-special-heading-h3  avia-builder-el-2  el_before_av_textblock  avia-builder-el-first '><h3 class='av-special-heading-tag '  itemprop=\"headline\"  >Meie pakutavad teenused<\/h3><div class=\"special-heading-border\"><div class=\"special-heading-inner-border\"><\/div><\/div><\/div><br \/>\n<section  class='av_textblock_section av-m2qepdwj-76203ef52becaf94918df0c8d35a1bda '   itemscope=\"itemscope\" itemtype=\"https:\/\/schema.org\/CreativeWork\" ><div class='avia_textblock'  itemprop=\"text\" ><p>1. S\u00f5iduautode tellimusvedu<br \/>\n2. T\u00f6\u00f6stuss\u00f5idukite tarnimine<br \/>\n3. T\u00f6\u00f6stusseadmete tarnimine koos projektitoe, paigaldamise ja kasutuselev\u00f5tuga.<br \/>\n4. \u00d6kok\u00fctuse, tahke k\u00fctuse ja vedelk\u00fctuse tarnimine.<br \/>\n5. Tarbekaubad<br \/>\n6. Kokkupandavad \u00f6komajad<\/p>\n<\/div><\/section><\/p><\/div>\n<div  class='flex_column av-x9hni-e30c2e73bbbc7d552625357c9247ae83 av_one_fifth  avia-builder-el-4  el_after_av_one_full  el_before_av_one_fifth  first flex_column_div  column-top-margin'     ><style type=\"text\/css\" data-created_by=\"avia_inline_auto\" id=\"style-css-av-m2t6ir99-71a6cdf9a374472b6f970619d465fe1d\">\n.avia-image-container.av-m2t6ir99-71a6cdf9a374472b6f970619d465fe1d img.avia_image{\nbox-shadow:none;\n}\n.avia-image-container.av-m2t6ir99-71a6cdf9a374472b6f970619d465fe1d .av-image-caption-overlay-center{\ncolor:#ffffff;\n}\n<\/style>\n<div  class='avia-image-container av-m2t6ir99-71a6cdf9a374472b6f970619d465fe1d av-styling- avia-align-center  avia-builder-el-5  avia-builder-el-no-sibling '   itemprop=\"image\" itemscope=\"itemscope\" itemtype=\"https:\/\/schema.org\/ImageObject\" ><div class=\"avia-image-container-inner\"><div class=\"avia-image-overlay-wrap\"><img decoding=\"async\" fetchpriority=\"high\" class='wp-image-99 avia-img-lazy-loading-not-99 avia_image ' src=\"https:\/\/emissara.ee\/wp-content\/uploads\/2024\/10\/6.jpeg\" alt='' title='6'  height=\"768\" width=\"1024\"  itemprop=\"thumbnailUrl\" srcset=\"https:\/\/emissara.ee\/wp-content\/uploads\/2024\/10\/6.jpeg 1024w, https:\/\/emissara.ee\/wp-content\/uploads\/2024\/10\/6-300x225.jpeg 300w, https:\/\/emissara.ee\/wp-content\/uploads\/2024\/10\/6-768x576.jpeg 768w, https:\/\/emissara.ee\/wp-content\/uploads\/2024\/10\/6-705x529.jpeg 705w\" sizes=\"(max-width: 1024px) 100vw, 1024px\" \/><\/div><\/div><\/div><\/div>\n<div  class='flex_column av-te2d2-70edbd66001af18874ea1a6e15631c02 av_one_fifth  avia-builder-el-6  el_after_av_one_fifth  el_before_av_one_fifth  flex_column_div  column-top-margin'     ><style type=\"text\/css\" data-created_by=\"avia_inline_auto\" id=\"style-css-av-m2qcyhgu-fe8c246b7a860a440a1b2fdca6648080\">\n.avia-image-container.av-m2qcyhgu-fe8c246b7a860a440a1b2fdca6648080 img.avia_image{\nbox-shadow:none;\n}\n.avia-image-container.av-m2qcyhgu-fe8c246b7a860a440a1b2fdca6648080 .av-image-caption-overlay-center{\ncolor:#ffffff;\n}\n<\/style>\n<div  class='avia-image-container av-m2qcyhgu-fe8c246b7a860a440a1b2fdca6648080 av-styling- avia-align-center  avia-builder-el-7  avia-builder-el-no-sibling '   itemprop=\"image\" itemscope=\"itemscope\" itemtype=\"https:\/\/schema.org\/ImageObject\" ><div class=\"avia-image-container-inner\"><div class=\"avia-image-overlay-wrap\"><img decoding=\"async\" fetchpriority=\"high\" class='wp-image-90 avia-img-lazy-loading-not-90 avia_image ' src=\"https:\/\/emissara.ee\/wp-content\/uploads\/2024\/10\/3.jpg\" alt='' title='3'  height=\"525\" width=\"700\"  itemprop=\"thumbnailUrl\" srcset=\"https:\/\/emissara.ee\/wp-content\/uploads\/2024\/10\/3.jpg 700w, https:\/\/emissara.ee\/wp-content\/uploads\/2024\/10\/3-300x225.jpg 300w\" sizes=\"(max-width: 700px) 100vw, 700px\" \/><\/div><\/div><\/div><\/div>\n<div  class='flex_column av-jhipq-f1818d99b4518dd7cf9f29f9b6708a01 av_one_fifth  avia-builder-el-8  el_after_av_one_fifth  el_before_av_one_fifth  flex_column_div  column-top-margin'     ><style type=\"text\/css\" data-created_by=\"avia_inline_auto\" id=\"style-css-av-m2qcz8fn-7e295cd4f746f84b45900a4fd1c60473\">\n.avia-image-container.av-m2qcz8fn-7e295cd4f746f84b45900a4fd1c60473 img.avia_image{\nbox-shadow:none;\n}\n.avia-image-container.av-m2qcz8fn-7e295cd4f746f84b45900a4fd1c60473 .av-image-caption-overlay-center{\ncolor:#ffffff;\n}\n<\/style>\n<div  class='avia-image-container av-m2qcz8fn-7e295cd4f746f84b45900a4fd1c60473 av-styling- avia-align-center  avia-builder-el-9  avia-builder-el-no-sibling '   itemprop=\"image\" itemscope=\"itemscope\" itemtype=\"https:\/\/schema.org\/ImageObject\" ><div class=\"avia-image-container-inner\"><div class=\"avia-image-overlay-wrap\"><img decoding=\"async\" fetchpriority=\"high\" class='wp-image-93 avia-img-lazy-loading-not-93 avia_image ' src=\"https:\/\/emissara.ee\/wp-content\/uploads\/2024\/10\/4.jpg\" alt='' title='4'  height=\"525\" width=\"700\"  itemprop=\"thumbnailUrl\" srcset=\"https:\/\/emissara.ee\/wp-content\/uploads\/2024\/10\/4.jpg 700w, https:\/\/emissara.ee\/wp-content\/uploads\/2024\/10\/4-300x225.jpg 300w\" sizes=\"(max-width: 700px) 100vw, 700px\" \/><\/div><\/div><\/div><\/div>\n<div  class='flex_column av-dnrse-a3b36967921be01d22cf8d19bb9970f3 av_one_fifth  avia-builder-el-10  el_after_av_one_fifth  el_before_av_one_fifth  flex_column_div  column-top-margin'     ><style type=\"text\/css\" data-created_by=\"avia_inline_auto\" id=\"style-css-av-m2qcznz1-8744eaa931eb77e99ececc22d9c461ac\">\n.avia-image-container.av-m2qcznz1-8744eaa931eb77e99ececc22d9c461ac img.avia_image{\nbox-shadow:none;\n}\n.avia-image-container.av-m2qcznz1-8744eaa931eb77e99ececc22d9c461ac .av-image-caption-overlay-center{\ncolor:#ffffff;\n}\n<\/style>\n<div  class='avia-image-container av-m2qcznz1-8744eaa931eb77e99ececc22d9c461ac av-styling- avia-align-center  avia-builder-el-11  avia-builder-el-no-sibling '   itemprop=\"image\" itemscope=\"itemscope\" itemtype=\"https:\/\/schema.org\/ImageObject\" ><div class=\"avia-image-container-inner\"><div class=\"avia-image-overlay-wrap\"><img decoding=\"async\" fetchpriority=\"high\" class='wp-image-87 avia-img-lazy-loading-not-87 avia_image ' src=\"https:\/\/emissara.ee\/wp-content\/uploads\/2024\/10\/2.jpg\" alt='' title='2'  height=\"525\" width=\"700\"  itemprop=\"thumbnailUrl\" srcset=\"https:\/\/emissara.ee\/wp-content\/uploads\/2024\/10\/2.jpg 700w, https:\/\/emissara.ee\/wp-content\/uploads\/2024\/10\/2-300x225.jpg 300w\" sizes=\"(max-width: 700px) 100vw, 700px\" \/><\/div><\/div><\/div><\/div>\n<div  class='flex_column av-8actq-53a73690fa745a68cdc492f2f919db37 av_one_fifth  avia-builder-el-12  el_after_av_one_fifth  el_before_av_section  avia-builder-el-last  flex_column_div  column-top-margin'     ><style type=\"text\/css\" data-created_by=\"avia_inline_auto\" id=\"style-css-av-m2t6jos8-0255d4b5511df614d08c812b4d4198f3\">\n.avia-image-container.av-m2t6jos8-0255d4b5511df614d08c812b4d4198f3 img.avia_image{\nbox-shadow:none;\n}\n.avia-image-container.av-m2t6jos8-0255d4b5511df614d08c812b4d4198f3 .av-image-caption-overlay-center{\ncolor:#ffffff;\n}\n<\/style>\n<div  class='avia-image-container av-m2t6jos8-0255d4b5511df614d08c812b4d4198f3 av-styling- avia-align-center  avia-builder-el-13  avia-builder-el-no-sibling '   itemprop=\"image\" itemscope=\"itemscope\" itemtype=\"https:\/\/schema.org\/ImageObject\" ><div class=\"avia-image-container-inner\"><div class=\"avia-image-overlay-wrap\"><img decoding=\"async\" fetchpriority=\"high\" class='wp-image-102 avia-img-lazy-loading-not-102 avia_image ' src=\"https:\/\/emissara.ee\/wp-content\/uploads\/2024\/10\/7.jpg\" alt='' title='7'  height=\"525\" width=\"700\"  itemprop=\"thumbnailUrl\" srcset=\"https:\/\/emissara.ee\/wp-content\/uploads\/2024\/10\/7.jpg 700w, https:\/\/emissara.ee\/wp-content\/uploads\/2024\/10\/7-300x225.jpg 300w\" sizes=\"(max-width: 700px) 100vw, 700px\" \/><\/div><\/div><\/div><\/div>\n<\/div><\/div><\/div><!-- close content main div --><\/div><\/div>\n<style type=\"text\/css\" data-created_by=\"avia_inline_auto\" id=\"style-css-av-1hkzra-d75316138a383677e9b1d4005098deca\">\n.avia-section.av-1hkzra-d75316138a383677e9b1d4005098deca .av-section-color-overlay{\nopacity:0.5;\nbackground-image:url(https:\/\/emissara.ee\/wp-content\/themes\/enfold\/images\/background-images\/ios-linen-dark.png);\nbackground-repeat:repeat;\n}\n<\/style>\n<div id='av_section_1'  class='avia-section av-1hkzra-d75316138a383677e9b1d4005098deca main_color avia-section-default avia-no-shadow  avia-builder-el-14  el_after_av_one_fifth  avia-builder-el-last  avia-bg-style-fixed av-section-color-overlay-active container_wrap fullsize'  ><div class=\"av-section-color-overlay-wrap\"><div class=\"av-section-color-overlay\"><\/div><div class='container av-section-cont-open' ><div class='template-page content  av-content-full alpha units'><div class='post-entry post-entry-type-page post-entry-194'><div class='entry-content-wrapper clearfix'>\n\n<style type=\"text\/css\" data-created_by=\"avia_inline_auto\" id=\"style-css-av-1asuem-7aca0ea80f6f2decbcebaa80c257c5b6\">\n.flex_column.av-1asuem-7aca0ea80f6f2decbcebaa80c257c5b6{\nborder-radius:0px 0px 0px 0px;\npadding:0px 0px 0px 0px;\n}\n<\/style>\n<div  class='flex_column av-1asuem-7aca0ea80f6f2decbcebaa80c257c5b6 av_one_third  avia-builder-el-15  el_before_av_two_third  avia-builder-el-first  first flex_column_div av-zero-column-padding  '     ><p>\n<style type=\"text\/css\" data-created_by=\"avia_inline_auto\" id=\"style-css-av-14rqti-d660bc8889194f7dfc63f7f36c1a3913\">\n#top .av-special-heading.av-14rqti-d660bc8889194f7dfc63f7f36c1a3913{\npadding-bottom:10px;\n}\nbody .av-special-heading.av-14rqti-d660bc8889194f7dfc63f7f36c1a3913 .av-special-heading-tag .heading-char{\nfont-size:25px;\n}\n.av-special-heading.av-14rqti-d660bc8889194f7dfc63f7f36c1a3913 .av-subheading{\nfont-size:15px;\n}\n<\/style>\n<div  class='av-special-heading av-14rqti-d660bc8889194f7dfc63f7f36c1a3913 av-special-heading-h3  avia-builder-el-16  el_before_av_textblock  avia-builder-el-first '><h3 class='av-special-heading-tag '  itemprop=\"headline\"  >Kontaktid<\/h3><div class=\"special-heading-border\"><div class=\"special-heading-inner-border\"><\/div><\/div><\/div><br \/>\n<section  class='av_textblock_section av-jnw016x3-b22db41b44494d75759333eceb3e1da2 '   itemscope=\"itemscope\" itemtype=\"https:\/\/schema.org\/CreativeWork\" ><div class='avia_textblock'  itemprop=\"text\" ><p>EMISSARA OU<\/p>\n<p>Tallinn, Tartu mnt 6, 10145, Tallinn, Estonia<\/p>\n<p>REG. 16538765<\/p>\n<p>Director: Ramil Aasrud, &lt;a href=&#8221;mailto:ramilaasrud@gmail.com&#8221;&gt;ramilaasrud@gmail.com&lt;\/a&gt; ;<\/p>\n<p>TEL +47\u00a0975 95 319<\/p>\n<\/div><\/section><\/p><\/div>\n<style type=\"text\/css\" data-created_by=\"avia_inline_auto\" id=\"style-css-av-vbnri-d58170f4f0ab9d804b5dadfda7d0cbd5\">\n.flex_column.av-vbnri-d58170f4f0ab9d804b5dadfda7d0cbd5{\nborder-radius:0px 0px 0px 0px;\npadding:0px 0px 0px 0px;\n}\n<\/style>\n<div  class='flex_column av-vbnri-d58170f4f0ab9d804b5dadfda7d0cbd5 av_two_third  avia-builder-el-18  el_after_av_one_third  avia-builder-el-last  flex_column_div av-zero-column-padding  '     ><p>\n<style type=\"text\/css\" data-created_by=\"avia_inline_auto\" id=\"style-css-av-qkbjy-02cffbba01bc90d868de152944004ec9\">\n#top .av-special-heading.av-qkbjy-02cffbba01bc90d868de152944004ec9{\npadding-bottom:10px;\n}\nbody .av-special-heading.av-qkbjy-02cffbba01bc90d868de152944004ec9 .av-special-heading-tag .heading-char{\nfont-size:25px;\n}\n.av-special-heading.av-qkbjy-02cffbba01bc90d868de152944004ec9 .av-subheading{\nfont-size:15px;\n}\n<\/style>\n<div  class='av-special-heading av-qkbjy-02cffbba01bc90d868de152944004ec9 av-special-heading-h3  avia-builder-el-19  el_before_av_textblock  avia-builder-el-first '><h3 class='av-special-heading-tag '  itemprop=\"headline\"  >Pangakonto<\/h3><div class=\"special-heading-border\"><div class=\"special-heading-inner-border\"><\/div><\/div><\/div><br \/>\n<section  class='av_textblock_section av-jnw00xee-6ae61e47beecb731c416038fd4b36589 '   itemscope=\"itemscope\" itemtype=\"https:\/\/schema.org\/CreativeWork\" ><div class='avia_textblock'  itemprop=\"text\" ><p>Bank\/Payment institution: Revolut Bank UAB<\/p>\n<p>Bank address: Konstitucijos ave. 21B, 08130, Vilnius, Lithuania<\/p>\n<p>IBAN: LT123250030534102464<\/p>\n<p>BIC: REVOLT21<\/p>\n<p>Intermediary BIC: CHASDEFX<\/p>\n<\/div><\/section><\/p><\/div>\n","protected":false},"excerpt":{"rendered":"","protected":false},"author":1,"featured_media":0,"parent":0,"menu_order":0,"comment_status":"closed","ping_status":"closed","template":"","meta":{"footnotes":""},"class_list":["post-194","page","type-page","status-publish","hentry"],"_links":{"self":[{"href":"https:\/\/emissara.ee\/et\/wp-json\/wp\/v2\/pages\/194","targetHints":{"allow":["GET"]}}],"collection":[{"href":"https:\/\/emissara.ee\/et\/wp-json\/wp\/v2\/pages"}],"about":[{"href":"https:\/\/emissara.ee\/et\/wp-json\/wp\/v2\/types\/page"}],"author":[{"embeddable":true,"href":"https:\/\/emissara.ee\/et\/wp-json\/wp\/v2\/users\/1"}],"replies":[{"embeddable":true,"href":"https:\/\/emissara.ee\/et\/wp-json\/wp\/v2\/comments?post=194"}],"version-history":[{"count":0,"href":"https:\/\/emissara.ee\/et\/wp-json\/wp\/v2\/pages\/194\/revisions"}],"wp:attachment":[{"href":"https:\/\/emissara.ee\/et\/wp-json\/wp\/v2\/media?parent=194"}],"curies":[{"name":"wp","href":"https:\/\/api.w.org\/{rel}","templated":true}]}}